{"id":7,"date":"2026-04-03T15:59:41","date_gmt":"2026-04-03T15:59:41","guid":{"rendered":"https:\/\/ilona.world\/?page_id=7"},"modified":"2026-04-03T16:01:35","modified_gmt":"2026-04-03T16:01:35","slug":"7-2","status":"publish","type":"page","link":"https:\/\/ilona.world\/","title":{"rendered":"Trang ch\u1ee7"},"content":{"rendered":"\n<div class=\"row\"  id=\"row-1932336214\">\n\n\n\t<div id=\"col-1767515087\" class=\"col small-12 large-12\"  >\n\t\t\t\t<div class=\"col-inner\"  >\n\t\t\t\n\t\t\t\n\n<h1 style=\"text-align: center;\"><strong>T\u00ecm Hi\u1ec3u CM88 \u2013 L\u1ef1a Ch\u1ecdn Gi\u1ea3i Tr\u00ed Tr\u1ef1c Tuy\u1ebfn Ph\u1ed5 Bi\u1ebfn<\/strong><\/h1>\n<p style=\"text-align: left;\">CM88 \u0111ang d\u1ea7n tr\u1edf th\u00e0nh m\u1ed9t trong nh\u1eefng n\u1ec1n t\u1ea3ng gi\u1ea3i tr\u00ed tr\u1ef1c tuy\u1ebfn \u0111\u01b0\u1ee3c nh\u1eafc \u0111\u1ebfn nhi\u1ec1u. V\u1edbi thi\u1ebft k\u1ebf th\u00e2n thi\u1ec7n, ng\u01b0\u1eddi d\u00f9ng c\u00f3 th\u1ec3 thao t\u00e1c nhanh m\u00e0 kh\u00f4ng c\u1ea7n m\u1ea5t th\u1eddi gian t\u00ecm hi\u1ec3u ph\u1ee9c t\u1ea1p.<\/p>\n<p style=\"text-align: left;\">N\u1ec1n t\u1ea3ng h\u1ed7 tr\u1ee3 truy c\u1eadp linh ho\u1ea1t tr\u00ean c\u1ea3 \u0111i\u1ec7n tho\u1ea1i,\u00a0m\u00e1y t\u00ednh. Nh\u1edd \u0111\u00f3, ng\u01b0\u1eddi d\u00f9ng c\u00f3 th\u1ec3 s\u1eed d\u1ee5ng d\u1ecbch v\u1ee5 m\u1ed9t c\u00e1ch thu\u1eadn ti\u1ec7n, ph\u00f9 h\u1ee3p v\u1edbi nhi\u1ec1u nhu c\u1ea7u kh\u00e1c nhau.<\/p>\n\n\t\t<\/div>\n\t\t\t\t\t<\/div>\n\n\t\n\n<\/div>\n\n","protected":false},"excerpt":{"rendered":"","protected":false},"author":1,"featured_media":0,"parent":0,"menu_order":0,"comment_status":"closed","ping_status":"closed","template":"","meta":{"footnotes":""},"class_list":["post-7","page","type-page","status-publish","hentry"],"_links":{"self":[{"href":"https:\/\/ilona.world\/index.php\/wp-json\/wp\/v2\/pages\/7","targetHints":{"allow":["GET"]}}],"collection":[{"href":"https:\/\/ilona.world\/index.php\/wp-json\/wp\/v2\/pages"}],"about":[{"href":"https:\/\/ilona.world\/index.php\/wp-json\/wp\/v2\/types\/page"}],"author":[{"embeddable":true,"href":"https:\/\/ilona.world\/index.php\/wp-json\/wp\/v2\/users\/1"}],"replies":[{"embeddable":true,"href":"https:\/\/ilona.world\/index.php\/wp-json\/wp\/v2\/comments?post=7"}],"version-history":[{"count":3,"href":"https:\/\/ilona.world\/index.php\/wp-json\/wp\/v2\/pages\/7\/revisions"}],"predecessor-version":[{"id":11,"href":"https:\/\/ilona.world\/index.php\/wp-json\/wp\/v2\/pages\/7\/revisions\/11"}],"wp:attachment":[{"href":"https:\/\/ilona.world\/index.php\/wp-json\/wp\/v2\/media?parent=7"}],"curies":[{"name":"wp","href":"https:\/\/api.w.org\/{rel}","templated":true}]}}